{"id":968,"date":"2019-10-19T13:59:12","date_gmt":"2019-10-19T11:59:12","guid":{"rendered":"https:\/\/www.belvederehotel-brest.fr\/?page_id=968"},"modified":"2023-12-07T15:09:45","modified_gmt":"2023-12-07T14:09:45","slug":"our-menu","status":"publish","type":"page","link":"https:\/\/www.belvederehotel-brest.fr\/en\/our-menu\/","title":{"rendered":"Our menu"},"content":{"rendered":"<div class=\"fusion-fullwidth fullwidth-box fusion-builder-row-1 fusion-flex-container hundred-percent-fullwidth non-hundred-percent-height-scrolling\" style=\"--awb-border-radius-top-left:0px;--awb-border-radius-top-right:0px;--awb-border-radius-bottom-right:0px;--awb-border-radius-bottom-left:0px;--awb-padding-right:3%;--awb-padding-left:3%;--awb-flex-wrap:wrap;\" ><div class=\"fusion-builder-row fusion-row fusion-flex-align-items-stretch fusion-flex-content-wrap\" style=\"width:104% !important;max-width:104% !important;margin-left: calc(-4% \/ 2 );margin-right: calc(-4% \/ 2 );\"><div class=\"fusion-layout-column fusion_builder_column fusion-builder-column-0 fusion_builder_column_1_2 1_2 fusion-flex-column\" style=\"--awb-padding-top:5%;--awb-padding-right:15%;--awb-padding-bottom:5%;--awb-padding-left:15%;--awb-bg-color:#c1bc55;--awb-bg-color-hover:#c1bc55;--awb-bg-size:cover;--awb-width-large:50%;--awb-margin-top-large:0px;--awb-spacing-right-large:1px;--awb-margin-bottom-large:0px;--awb-spacing-left-large:3.84%;--awb-width-medium:50%;--awb-spacing-right-medium:1px;--awb-spacing-left-medium:3.84%;--awb-width-small:100%;--awb-spacing-right-small:1.92%;--awb-spacing-left-small:1.92%;\"><div class=\"fusion-column-wrapper fusion-column-has-shadow fusion-flex-justify-content-center fusion-content-layout-column\"><div class=\"fusion-text fusion-text-1\"><h1><span style=\"color: #ffffff;\">Our menu<\/span><\/h1>\n<h5><span style=\"font-size: small;\">Prepared by\u00a0<a href=\"https:\/\/le-ruffe.com\/\">Le Ruff\u00e9<\/a>\u00a0&#8211; Brest, our natural and elegant cuisine is served in the large panoramic dining room or prepared for you to enjoy your meal in your room.<\/span><\/h5>\n<h3>MENU DU JOUR<\/h3>\n<ul>\n<li><em><span style=\"font-size: small;\">From Monday to Thursday evenings (excluding summer holidays), Le Belv\u00e9d\u00e8re offers hotel guests two dining options.<\/span><\/em><\/li>\n<li><em><span style=\"font-size: small;\">Reservation recommended<\/span><\/em><\/li>\n<\/ul>\n<p><strong>Starter + Main course ou Main course + Dessert <span class=\"Apple-converted-space\">\u00a0 <\/span>| <span class=\"Apple-converted-space\">\u00a0 <\/span>19,00 \u20ac \u00a0 \u00a0<\/strong> <strong>Starter + Main course + Dessert <span class=\"Apple-converted-space\">\u00a0 <\/span>| <span class=\"Apple-converted-space\">\u00a0 <\/span>25,00 \u20ac<\/strong><\/p>\n<h3>GROUP MENU<\/h3>\n<ul>\n<li><em><span style=\"font-size: small;\">A menu for groups of at least 6 guests is available at lunchtime from Monday to Thursday (excluding summer holidays).<\/span><\/em><\/li>\n<li><em><span style=\"font-size: small;\">Reservations required 72 hours in advance.<\/span><\/em><\/li>\n<\/ul>\n<p><strong>Starter + Main course ou Main course + Dessert <span class=\"Apple-converted-space\">\u00a0 <\/span>| <span class=\"Apple-converted-space\">\u00a0 <\/span>20,00 \u20ac<\/strong> <strong>Starter + Main course + Dessert<\/strong><strong><span class=\"Apple-converted-space\">\u00a0\u00a0<\/span>| <span class=\"Apple-converted-space\">\u00a0 From\u00a0<\/span>25,00 \u20ac<\/strong><\/p>\n<h3>Breakfast<\/h3>\n<ul>\n<li><em><span style=\"font-size: small;\">Breakfast buffet is served every day in our restaurant<\/span><\/em><\/li>\n<li><span style=\"font-size: small;\"><i>Monday to\u00a0Friday: From 7AM to 9:30AM<\/i><\/span><\/li>\n<li><span style=\"font-size: small;\"><i>Saturday and Sunday: From 8AM to 10AM<\/i><\/span><\/li>\n<\/ul>\n<p><strong>Breakfast buffet<span class=\"Apple-converted-space\">\u00a0 <\/span>| <span class=\"Apple-converted-space\">\u00a0 1<\/span>2,00 \u20ac<\/strong> <strong>Room-service breakfast<\/strong><strong><span class=\"Apple-converted-space\">\u00a0\u00a0<\/span>| <span class=\"Apple-converted-space\">\u00a0 15<\/span>,00 \u20ac<\/strong> <\/p>\n<\/div><\/div><\/div><div class=\"fusion-layout-column fusion_builder_column fusion-builder-column-1 fusion_builder_column_1_2 1_2 fusion-flex-column\" style=\"--awb-bg-color:#ededed;--awb-bg-color-hover:#ededed;--awb-bg-size:cover;--awb-width-large:50%;--awb-margin-top-large:0px;--awb-spacing-right-large:3.84%;--awb-margin-bottom-large:0px;--awb-spacing-left-large:1px;--awb-width-medium:50%;--awb-spacing-right-medium:3.84%;--awb-spacing-left-medium:1px;--awb-width-small:100%;--awb-spacing-right-small:1.92%;--awb-spacing-left-small:1.92%;\"><div class=\"fusion-column-wrapper fusion-column-has-shadow fusion-flex-justify-content-flex-start fusion-content-layout-column\"><div class=\"fusion-builder-row fusion-builder-row-inner fusion-row fusion-flex-align-items-stretch fusion-flex-content-wrap\" style=\"width:104% !important;max-width:104% !important;margin-left: calc(-4% \/ 2 );margin-right: calc(-4% \/ 2 );\"><div class=\"fusion-layout-column fusion_builder_column_inner fusion-builder-nested-column-0 fusion_builder_column_inner_1_2 1_2 fusion-flex-column\" style=\"--awb-bg-size:cover;--awb-width-large:50%;--awb-margin-top-large:0px;--awb-spacing-right-large:1.5px;--awb-margin-bottom-large:0px;--awb-spacing-left-large:3.84%;--awb-width-medium:50%;--awb-spacing-right-medium:1.5px;--awb-spacing-left-medium:3.84%;--awb-width-small:100%;--awb-spacing-right-small:1.92%;--awb-spacing-left-small:1.92%;\"><div class=\"fusion-column-wrapper fusion-column-has-shadow fusion-flex-justify-content-flex-start fusion-content-layout-column\"><div class=\"fusion-image-element \" style=\"--awb-caption-title-font-family:var(--h2_typography-font-family);--awb-caption-title-font-weight:var(--h2_typography-font-weight);--awb-caption-title-font-style:var(--h2_typography-font-style);--awb-caption-title-size:var(--h2_typography-font-size);--awb-caption-title-transform:var(--h2_typography-text-transform);--awb-caption-title-line-height:var(--h2_typography-line-height);--awb-caption-title-letter-spacing:var(--h2_typography-letter-spacing);\"><span class=\" fusion-imageframe imageframe-none imageframe-1 hover-type-none\"><img width=\"700\" height=\"933\" title=\"Restauration h\u00f4tel Belv\u00e9d\u00e8re\" src=\"http:\/\/www.belvederehotel-brest.fr\/wp-content\/uploads\/2019\/10\/restauration_01.jpg\" alt class=\"img-responsive wp-image-871\" srcset=\"https:\/\/www.belvederehotel-brest.fr\/wp-content\/uploads\/2019\/10\/restauration_01-200x267.jpg 200w, https:\/\/www.belvederehotel-brest.fr\/wp-content\/uploads\/2019\/10\/restauration_01-400x533.jpg 400w, https:\/\/www.belvederehotel-brest.fr\/wp-content\/uploads\/2019\/10\/restauration_01-600x800.jpg 600w, https:\/\/www.belvederehotel-brest.fr\/wp-content\/uploads\/2019\/10\/restauration_01.jpg 700w\" sizes=\"(max-width: 640px) 100vw, 600px\" \/><\/span><\/div><\/div><\/div><div class=\"fusion-layout-column fusion_builder_column_inner fusion-builder-nested-column-1 fusion_builder_column_inner_1_2 1_2 fusion-flex-column\" style=\"--awb-bg-size:cover;--awb-width-large:50%;--awb-margin-top-large:0px;--awb-spacing-right-large:3.84%;--awb-margin-bottom-large:0px;--awb-spacing-left-large:1.5px;--awb-width-medium:50%;--awb-spacing-right-medium:3.84%;--awb-spacing-left-medium:1.5px;--awb-width-small:100%;--awb-spacing-right-small:1.92%;--awb-spacing-left-small:1.92%;\"><div class=\"fusion-column-wrapper fusion-column-has-shadow fusion-flex-justify-content-flex-start fusion-content-layout-column\"><div class=\"fusion-image-element \" style=\"--awb-caption-title-font-family:var(--h2_typography-font-family);--awb-caption-title-font-weight:var(--h2_typography-font-weight);--awb-caption-title-font-style:var(--h2_typography-font-style);--awb-caption-title-size:var(--h2_typography-font-size);--awb-caption-title-transform:var(--h2_typography-text-transform);--awb-caption-title-line-height:var(--h2_typography-line-height);--awb-caption-title-letter-spacing:var(--h2_typography-letter-spacing);\"><span class=\" fusion-imageframe imageframe-none imageframe-2 hover-type-none\"><img width=\"700\" height=\"933\" title=\"H\u00f4tel Belv\u00e9d\u00e8re\" src=\"http:\/\/www.belvederehotel-brest.fr\/wp-content\/uploads\/2020\/06\/cuisine_01.jpg\" alt class=\"img-responsive wp-image-895\" srcset=\"https:\/\/www.belvederehotel-brest.fr\/wp-content\/uploads\/2020\/06\/cuisine_01-200x267.jpg 200w, https:\/\/www.belvederehotel-brest.fr\/wp-content\/uploads\/2020\/06\/cuisine_01-400x533.jpg 400w, https:\/\/www.belvederehotel-brest.fr\/wp-content\/uploads\/2020\/06\/cuisine_01-600x800.jpg 600w, https:\/\/www.belvederehotel-brest.fr\/wp-content\/uploads\/2020\/06\/cuisine_01.jpg 700w\" sizes=\"(max-width: 640px) 100vw, 600px\" \/><\/span><\/div><\/div><\/div><\/div><div class=\"fusion-separator fusion-full-width-sep\" style=\"align-self: center;margin-left: auto;margin-right: auto;margin-top:1px;width:100%;\"><\/div>\t\t\t\t\t<div class=\"fusion-slider-container fusion-slider-sc-restauration fusion-slider-34 fixed-width-slider\" style=\"height:1125px; max-width:1500px;\" data-id=\"34\" data-full_height=\"\">\n\t\t\t\t\t\t<style type=\"text\/css\">.fusion-slider-34 .flex-direction-nav a {width:63px;height:63px;line-height:63px;font-size:25px;}<\/style>\t\t\t\t\t\t<div class=\"fusion-slider-loading\">Loading...<\/div>\n\t\t\t\t\t\t<div class=\"tfs-slider flexslider main-flex fixed-width-slider\" data-slider_width=\"1500px\" data-slider_height=\"1125px\" data-full_screen=\"0\" data-parallax=\"0\" data-nav_arrows=\"1\" data-nav_box_width=\"63px\" data-nav_box_height=\"63px\" data-nav_arrow_size=\"25px\" data-autoplay=\"1\" data-loop=\"1\" data-orderby=\"date\" data-order=\"DESC\" data-animation=\"fade\" data-slideshow_speed=\"7000\" data-animation_speed=\"600\" data-typo_sensitivity=\"1\" data-typo_factor=\"1.5\" style=\"max-width:1500px;\">\n\t\t\t\t\t\t\t<ul class=\"slides\">\n\t\t\t\t\t\t\t\t\t\t\t\t\t\t\t\t\t<li data-mute=\"yes\" data-loop=\"yes\" data-autoplay=\"yes\">\n\t\t\t\t\t\t\t\t\t\t<div class=\"slide-content-container slide-content-left\" style=\"display: none;\">\n\t\t\t\t\t\t\t\t\t\t\t<div class=\"slide-content\" style=\"\">\n\t\t\t\t\t\t\t\t\t\t\t\t\t\t\t\t\t\t\t\t\t\t\t\t\t\t\t\t\t\t\t\t\t\t\t\t\t\t\t\t\t\t\t\t\t\t\t<\/div>\n\t\t\t\t\t\t\t\t\t\t<\/div>\n\t\t\t\t\t\t\t\t\t\t\t\t\t\t\t\t\t\t\t\t\t\t\t\t\t\t\t\t\t\t\t\t\t\t\t\t\t\t\t\t<div class=\"background background-image\" style=\"background-image: url(https:\/\/www.belvederehotel-brest.fr\/wp-content\/uploads\/2019\/10\/restauration_03.jpg);max-width:1500px;height:1125px;filter: progid:DXImageTransform.Microsoft.AlphaImageLoader(src='https:\/\/www.belvederehotel-brest.fr\/wp-content\/uploads\/2019\/10\/restauration_03.jpg', sizingMethod='scale');\" data-imgwidth=\"1500\">\n\t\t\t\t\t\t\t\t\t\t\t\t\t\t\t\t\t\t\t\t\t\t\t\t\t\t\t\t\t\t\t\t\t\t\t\t\t\t\t\t\t\t\t\t\t\t\t\t\t\t\t\t\t\t\t\t\t\t\t\t\t\t\t\t\t\t<\/div>\n\t\t\t\t\t\t\t\t\t<\/li>\n\t\t\t\t\t\t\t\t\t\t\t\t\t\t\t\t\t<li data-mute=\"yes\" data-loop=\"yes\" data-autoplay=\"yes\">\n\t\t\t\t\t\t\t\t\t\t<div class=\"slide-content-container slide-content-left\" style=\"display: none;\">\n\t\t\t\t\t\t\t\t\t\t\t<div class=\"slide-content\" style=\"\">\n\t\t\t\t\t\t\t\t\t\t\t\t\t\t\t\t\t\t\t\t\t\t\t\t\t\t\t\t\t\t\t\t\t\t\t\t\t\t\t\t\t\t\t\t\t\t\t<\/div>\n\t\t\t\t\t\t\t\t\t\t<\/div>\n\t\t\t\t\t\t\t\t\t\t\t\t\t\t\t\t\t\t\t\t\t\t\t\t\t\t\t\t\t\t\t\t\t\t\t\t\t\t\t\t<div class=\"background background-image\" style=\"background-image: url(https:\/\/www.belvederehotel-brest.fr\/wp-content\/uploads\/2019\/10\/restauration_04.jpg);max-width:1500px;height:1125px;filter: progid:DXImageTransform.Microsoft.AlphaImageLoader(src='https:\/\/www.belvederehotel-brest.fr\/wp-content\/uploads\/2019\/10\/restauration_04.jpg', sizingMethod='scale');\" data-imgwidth=\"1500\">\n\t\t\t\t\t\t\t\t\t\t\t\t\t\t\t\t\t\t\t\t\t\t\t\t\t\t\t\t\t\t\t\t\t\t\t\t\t\t\t\t\t\t\t\t\t\t\t\t\t\t\t\t\t\t\t\t\t\t\t\t\t\t\t\t\t\t<\/div>\n\t\t\t\t\t\t\t\t\t<\/li>\n\t\t\t\t\t\t\t\t\t\t\t\t\t\t\t\t\t\t\t\t\t\t\t<\/ul>\n\t\t\t\t\t\t<\/div>\n\t\t\t\t\t<\/div>\n\t\t\t\t\t\t\t\t<\/div><\/div><\/div><\/div>\n","protected":false},"excerpt":{"rendered":"","protected":false},"author":2,"featured_media":0,"parent":0,"menu_order":0,"comment_status":"closed","ping_status":"closed","template":"100-width.php","meta":[],"_links":{"self":[{"href":"https:\/\/www.belvederehotel-brest.fr\/en\/wp-json\/wp\/v2\/pages\/968"}],"collection":[{"href":"https:\/\/www.belvederehotel-brest.fr\/en\/wp-json\/wp\/v2\/pages"}],"about":[{"href":"https:\/\/www.belvederehotel-brest.fr\/en\/wp-json\/wp\/v2\/types\/page"}],"author":[{"embeddable":true,"href":"https:\/\/www.belvederehotel-brest.fr\/en\/wp-json\/wp\/v2\/users\/2"}],"replies":[{"embeddable":true,"href":"https:\/\/www.belvederehotel-brest.fr\/en\/wp-json\/wp\/v2\/comments?post=968"}],"version-history":[{"count":6,"href":"https:\/\/www.belvederehotel-brest.fr\/en\/wp-json\/wp\/v2\/pages\/968\/revisions"}],"predecessor-version":[{"id":1153,"href":"https:\/\/www.belvederehotel-brest.fr\/en\/wp-json\/wp\/v2\/pages\/968\/revisions\/1153"}],"wp:attachment":[{"href":"https:\/\/www.belvederehotel-brest.fr\/en\/wp-json\/wp\/v2\/media?parent=968"}],"curies":[{"name":"wp","href":"https:\/\/api.w.org\/{rel}","templated":true}]}}