{"id":952,"date":"2019-09-17T15:15:31","date_gmt":"2019-09-17T13:15:31","guid":{"rendered":"https:\/\/www.belvederehotel-brest.fr\/contact\/"},"modified":"2023-11-27T14:55:40","modified_gmt":"2023-11-27T13:55:40","slug":"contact","status":"publish","type":"page","link":"https:\/\/www.belvederehotel-brest.fr\/en\/contact\/","title":{"rendered":"Access &#038; Contacts"},"content":{"rendered":"<p><div class=\"fusion-fullwidth fullwidth-box fusion-builder-row-1 fusion-flex-container hundred-percent-fullwidth non-hundred-percent-height-scrolling\" style=\"--awb-border-radius-top-left:0px;--awb-border-radius-top-right:0px;--awb-border-radius-bottom-right:0px;--awb-border-radius-bottom-left:0px;--awb-margin-bottom:30px;--awb-flex-wrap:wrap;\" ><div class=\"fusion-builder-row fusion-row fusion-flex-align-items-flex-start fusion-flex-content-wrap\" style=\"width:104% !important;max-width:104% !important;margin-left: calc(-4% \/ 2 );margin-right: calc(-4% \/ 2 );\"><div class=\"fusion-layout-column fusion_builder_column fusion-builder-column-0 fusion_builder_column_1_1 1_1 fusion-flex-column\" style=\"--awb-bg-size:cover;--awb-width-large:100%;--awb-margin-top-large:0px;--awb-spacing-right-large:1.92%;--awb-margin-bottom-large:0px;--awb-spacing-left-large:1.92%;--awb-width-medium:100%;--awb-spacing-right-medium:1.92%;--awb-spacing-left-medium:1.92%;--awb-width-small:100%;--awb-spacing-right-small:1.92%;--awb-spacing-left-small:1.92%;\"><div class=\"fusion-column-wrapper fusion-column-has-shadow fusion-flex-justify-content-flex-start fusion-content-layout-column\"><iframe width=\"100%\" height=\"700px\" frameborder=\"0\" allowfullscreen src=\"https:\/\/umap.openstreetmap.fr\/fr\/map\/la-route-des-pingouins_358620?scaleControl=false&miniMap=false&scrollWheelZoom=false&zoomControl=true&allowEdit=false&moreControl=false&searchControl=null&tilelayersControl=null&embedControl=null&datalayersControl=null&onLoadPanel=none&captionBar=false#12\/48.3837\/-4.5418\"><\/iframe><\/div><\/div><\/div><\/div><div class=\"fusion-fullwidth fullwidth-box fusion-builder-row-2 fusion-flex-container nonhundred-percent-fullwidth non-hundred-percent-height-scrolling\" style=\"--awb-border-radius-top-left:0px;--awb-border-radius-top-right:0px;--awb-border-radius-bottom-right:0px;--awb-border-radius-bottom-left:0px;--awb-flex-wrap:wrap;\" ><div class=\"fusion-builder-row fusion-row fusion-flex-align-items-flex-start fusion-flex-content-wrap\" style=\"max-width:1144px;margin-left: calc(-4% \/ 2 );margin-right: calc(-4% \/ 2 );\"><div class=\"fusion-layout-column fusion_builder_column fusion-builder-column-1 fusion_builder_column_1_2 1_2 fusion-flex-column\" style=\"--awb-bg-size:cover;--awb-width-large:50%;--awb-margin-top-large:0px;--awb-spacing-right-large:3.84%;--awb-margin-bottom-large:0px;--awb-spacing-left-large:3.84%;--awb-width-medium:50%;--awb-spacing-right-medium:3.84%;--awb-spacing-left-medium:3.84%;--awb-width-small:100%;--awb-spacing-right-small:1.92%;--awb-spacing-left-small:1.92%;\"><div class=\"fusion-column-wrapper fusion-column-has-shadow fusion-flex-justify-content-flex-start fusion-content-layout-column\"><div class=\"fusion-text fusion-text-1\"><h4>Belv\u00e9d\u00e8re Hotel &#8211; Brest<\/h4>\n<p>380, rue Pierre Rivoalon &#8211; 29200 Brest<br \/>\nT\u00e9l. <a href=\"https:\/\/www.lerocharmorouessant.bzh\/contact\/\" target=\"_blank\" rel=\"noopener noreferrer\">\u00a0<\/a><a href=\"tel:+33298324393\">02 98 32 43 93 <\/a><br \/>\nEmail : <a href=\"mailto:soisic@belvederehotel-brest.fr\">soisic@belvederehotel-brest.fr<\/a><\/p>\n<p><strong>GPS localisation<br \/>\n<\/strong>latitude : 48.383731 \u00a0 | \u00a0\u00a0longitude : -4.541802<\/p>\n<h3><\/h3>\n<p><strong>Front desk<\/strong><\/p>\n<p id=\"tw-target-text\" class=\"tw-data-text tw-text-large tw-ta\" dir=\"ltr\" data-placeholder=\"Traduction\" data-ved=\"2ahUKEwiV9Jzs-OOCAxWtVKQEHen0AoQQ3ewLegQIBhAQ\"><span class=\"Y2IQFc\" lang=\"en\">The front desk is open from 07:00 a.m. to 11:00 p.m. without interruption. Check in from 3:00 p.m. &#8211; check out before 11:00 a.m.<\/span><\/p>\n<\/div><div class=\"fusion-separator fusion-full-width-sep\" style=\"align-self: center;margin-left: auto;margin-right: auto;margin-top:30px;width:100%;\"><\/div><div role=\"form\" class=\"wpcf7\" id=\"wpcf7-f47-o1\" lang=\"fr-FR\" dir=\"ltr\">\n<div class=\"screen-reader-response\"><p role=\"status\" aria-live=\"polite\" aria-atomic=\"true\"><\/p> <ul><\/ul><\/div>\n<form action=\"\/en\/wp-json\/wp\/v2\/pages\/952#wpcf7-f47-o1\" method=\"post\" class=\"wpcf7-form init\" novalidate=\"novalidate\" data-status=\"init\">\n<div style=\"display: none;\">\n<input type=\"hidden\" name=\"_wpcf7\" value=\"47\" \/>\n<input type=\"hidden\" name=\"_wpcf7_version\" value=\"5.4\" \/>\n<input type=\"hidden\" name=\"_wpcf7_locale\" value=\"fr_FR\" \/>\n<input type=\"hidden\" name=\"_wpcf7_unit_tag\" value=\"wpcf7-f47-o1\" \/>\n<input type=\"hidden\" name=\"_wpcf7_container_post\" value=\"0\" \/>\n<input type=\"hidden\" name=\"_wpcf7_posted_data_hash\" value=\"\" \/>\n<\/div>\n<p><label> Votre nom (inspispensable)<br \/>\n    <span class=\"wpcf7-form-control-wrap your-name\"><input type=\"text\" name=\"your-name\" value=\"\" size=\"40\" class=\"wpcf7-form-control wpcf7-text wpcf7-validates-as-required\" aria-required=\"true\" aria-invalid=\"false\" \/><\/span> <\/label><\/p>\n<p><label> Votre adresse de messagerie (indispensable)<br \/>\n    <span class=\"wpcf7-form-control-wrap your-email\"><input type=\"email\" name=\"your-email\" value=\"\" size=\"40\" class=\"wpcf7-form-control wpcf7-text wpcf7-email wpcf7-validates-as-required wpcf7-validates-as-email\" aria-required=\"true\" aria-invalid=\"false\" \/><\/span> <\/label><\/p>\n<p><label> Objet<br \/>\n    <span class=\"wpcf7-form-control-wrap your-subject\"><input type=\"text\" name=\"your-subject\" value=\"\" size=\"40\" class=\"wpcf7-form-control wpcf7-text\" aria-invalid=\"false\" \/><\/span> <\/label><\/p>\n<p><label> Votre message<br \/>\n    <span class=\"wpcf7-form-control-wrap your-message\"><textarea name=\"your-message\" cols=\"40\" rows=\"10\" class=\"wpcf7-form-control wpcf7-textarea\" aria-invalid=\"false\"><\/textarea><\/span> <\/label><\/p>\n<p><input type=\"submit\" value=\"Envoyer\" class=\"wpcf7-form-control wpcf7-submit\" \/><\/p>\n<div class=\"fusion-alert alert custom alert-custom fusion-alert-center wpcf7-response-output fusion-alert-capitalize awb-alert-native-link-color alert-dismissable awb-alert-close-boxed\" style=\"--awb-border-size:1px;--awb-border-top-left-radius:0px;--awb-border-top-right-radius:0px;--awb-border-bottom-left-radius:0px;--awb-border-bottom-right-radius:0px;\" role=\"alert\"><div class=\"fusion-alert-content-wrapper\"><span class=\"fusion-alert-content\"><\/span><\/div><button type=\"button\" class=\"close toggle-alert\" data-dismiss=\"alert\" aria-label=\"Close\">&times;<\/button><\/div><\/form><\/div><div class=\"fusion-text fusion-text-2\"><p><em><span style=\"font-size: 10px;\">This information is intended for the H\u00f4tel Belv\u00e9d\u00e8re.<br \/>\nThis right can be exercised by email by sending your request to <a href=\"mailto:soisic@belvederehotel-brest.fr\" target=\"_blank\" rel=\"noopener noreferrer\">soisic@belvederehotel-brest.fr<\/a>.<\/span><\/em><\/p>\n<\/div><\/div><\/div><div class=\"fusion-layout-column fusion_builder_column fusion-builder-column-2 fusion_builder_column_1_2 1_2 fusion-flex-column\" style=\"--awb-bg-size:cover;--awb-width-large:50%;--awb-margin-top-large:0px;--awb-spacing-right-large:3.84%;--awb-margin-bottom-large:0px;--awb-spacing-left-large:3.84%;--awb-width-medium:50%;--awb-spacing-right-medium:3.84%;--awb-spacing-left-medium:3.84%;--awb-width-small:100%;--awb-spacing-right-small:1.92%;--awb-spacing-left-small:1.92%;\"><div class=\"fusion-column-wrapper fusion-column-has-shadow fusion-flex-justify-content-flex-start fusion-content-layout-column\"><div class=\"fusion-text fusion-text-3\"><h4>Coming to the Belv\u00e9d\u00e8re hotel<\/h4>\n<h5>By plane or train:<\/h5>\n<p>From 17 km of Guipavas airport, and from 7 km of Brest trainstation.<\/p>\n<p>More informations : <a href=\"http:\/\/www.brest.aeroport.fr\/\">www.brest.aeroport.fr<\/a> et <a href=\"http:\/\/www.sncf.com\/\">www.sncf.com<\/a><\/p>\n<h5>By car:<\/h5>\n<p>\u2013 Arriving in Brest: follow the direction of &#8220;Technop\u00f4le&#8221;, route du Conquet (D789). After the \u201cPorte de Plouzan\u00e9\u201d tram stop, turn left, on &#8220;route de Sainte Anne du Portzic&#8221;.<\/p>\n<p>\u2013 Coming from Le Conquet (D789), turn right at the water tower after the 1st roundabout.<\/p>\n<p>Free and private parking.<\/p>\n<h5>En taxi:<\/h5>\n<p>We can order a taxi on request.<\/p>\n<h5>By bus or tramway:<\/h5>\n<p>From Brest City center, Tramway &#8220;ligne A&#8221;, station \u00ab Porte de Plouzan\u00e9 \u00bb, then bus N\u00b02B, stop at &#8220;Cosquer&#8221;.<\/p>\n<p>Or, with bus, lign N\u00b02B, direction stop at &#8220;Cosquer&#8221;.<\/p>\n<p>Pour plus d\u2019informations\u00a0: <a href=\"http:\/\/www.breizhgo.com\/fr\/\">https:\/\/www.bibus.fr\/sites\/default\/files\/annexes\/page\/ratp_brest_plan-plie.pdf<\/a><\/p>\n<h5>By bike or walking:<\/h5>\n<p>For nature lovers, the famous &#8220;sentier des douaniers&#8221;, the GR34 runs along the hotel&#8217;s large terrace.<\/p>\n<\/div><\/div><\/div><\/div><\/div><\/p>\n","protected":false},"excerpt":{"rendered":"","protected":false},"author":1,"featured_media":0,"parent":0,"menu_order":0,"comment_status":"closed","ping_status":"closed","template":"100-width.php","meta":[],"_links":{"self":[{"href":"https:\/\/www.belvederehotel-brest.fr\/en\/wp-json\/wp\/v2\/pages\/952"}],"collection":[{"href":"https:\/\/www.belvederehotel-brest.fr\/en\/wp-json\/wp\/v2\/pages"}],"about":[{"href":"https:\/\/www.belvederehotel-brest.fr\/en\/wp-json\/wp\/v2\/types\/page"}],"author":[{"embeddable":true,"href":"https:\/\/www.belvederehotel-brest.fr\/en\/wp-json\/wp\/v2\/users\/1"}],"replies":[{"embeddable":true,"href":"https:\/\/www.belvederehotel-brest.fr\/en\/wp-json\/wp\/v2\/comments?post=952"}],"version-history":[{"count":4,"href":"https:\/\/www.belvederehotel-brest.fr\/en\/wp-json\/wp\/v2\/pages\/952\/revisions"}],"predecessor-version":[{"id":984,"href":"https:\/\/www.belvederehotel-brest.fr\/en\/wp-json\/wp\/v2\/pages\/952\/revisions\/984"}],"wp:attachment":[{"href":"https:\/\/www.belvederehotel-brest.fr\/en\/wp-json\/wp\/v2\/media?parent=952"}],"curies":[{"name":"wp","href":"https:\/\/api.w.org\/{rel}","templated":true}]}}